{"id":15,"date":"2020-01-12T15:42:44","date_gmt":"2020-01-12T15:42:44","guid":{"rendered":"http:\/\/www.fahricetinkaya.com\/?page_id=15"},"modified":"2026-04-09T02:06:52","modified_gmt":"2026-04-08T23:06:52","slug":"bize-ulasin","status":"publish","type":"page","link":"https:\/\/www.fahricetinkaya.com\/en\/bize-ulasin\/","title":{"rendered":"Contact Us"},"content":{"rendered":"\n<div class=\"wp-block-buttons alignwide is-content-justification-right is-layout-flex wp-container-core-buttons-is-layout-765c4724 wp-block-buttons-is-layout-flex\">\n<div class=\"wp-block-button is-style-outline is-style-outline--1\"><a class=\"wp-block-button__link wp-element-button\" href=\"tel:+905326130080\" style=\"border-top-left-radius:0px;border-top-right-radius:0px;border-bottom-left-radius:0px;border-bottom-right-radius:0px\"><em><strong>\u0130leti\u015fim Numaram\u0131z : +90 532 613 00 80<\/strong><\/em><\/a><\/div>\n<\/div>\n\n\n\n<hr class=\"wp-block-separator alignwide has-alpha-channel-opacity is-style-wide\"\/>\n\n\n\n<div class=\"wp-block-gutsliders-content-slider alignwide gutslider-137ecac1 nav_inside nav_cc\" data-swiper-options=\"{&quot;slidesPerView&quot;:1,&quot;spaceBetween&quot;:0,&quot;loop&quot;:true,&quot;autoplay&quot;:{&quot;delay&quot;:5800,&quot;pauseOnMouseEnter&quot;:true,&quot;stopOnLastSlide&quot;:false,&quot;reverseDirection&quot;:false},&quot;speed&quot;:800,&quot;effect&quot;:&quot;creative&quot;,&quot;creativeEffect&quot;:{&quot;prev&quot;:{&quot;shadow&quot;:true,&quot;translate&quot;:[0,0,-800],&quot;rotate&quot;:[180,0,0]},&quot;next&quot;:{&quot;shadow&quot;:true,&quot;translate&quot;:[0,0,-800],&quot;rotate&quot;:[-180,0,0]}},&quot;keyboard&quot;:{&quot;enabled&quot;:true},&quot;mousewheel&quot;:false,&quot;navigation&quot;:{&quot;nextEl&quot;:&quot;.gutslider-137ecac1 .swiper-button-next&quot;,&quot;prevEl&quot;:&quot;.gutslider-137ecac1 .swiper-button-prev&quot;},&quot;pagination&quot;:{&quot;el&quot;:&quot;.gutslider-137ecac1 .swiper-pagination&quot;,&quot;type&quot;:&quot;bullets&quot;,&quot;dynamicBullets&quot;:true,&quot;clickable&quot;:true}}\"><div class=\"swiper\"><div class=\"swiper-wrapper\"><div class=\"swiper-slide slide-mode\"><div class=\"swiper-container-outer\" style=\"background-color:;background-image:url(https:\/\/www.fahricetinkaya.com\/wp-content\/uploads\/2026\/04\/0884ebb7-a5b6-487b-8040-f0a23f577739-scaled.jpg);background-position:49% 72%\"><div class=\"gutslider-content-wrapper\"><div class=\"gutslider-content-inner\"><h1 class=\"gutslider-subtitle gutanimation gutslider-slideInUp\">Yal\u0131kavak Marina<\/h1><h2 class=\"gutslider-title none\">\u00c7\u00f6kertme Caddesi No : 6 YALIKAVAK\/BODRUM<\/h2><a class=\"gutslider-cta none\" href=\"https:\/\/www.fahricetinkaya.com\/yalikavak-marina\/\" rel=\"nofollow sponsored\">Daha Fazla..<\/a><\/div><\/div><\/div><\/div><div class=\"swiper-slide slide-mode\"><div class=\"swiper-container-outer\" style=\"background-color:#efefef;background-image:url(https:\/\/www.fahricetinkaya.com\/wp-content\/uploads\/2020\/01\/genetiks-1.jpeg);background-position:50% 50%\"><div class=\"gutslider-content-wrapper\"><div class=\"gutslider-content-inner\"><h1 class=\"gutslider-subtitle gutanimation gutslider-slideInUp\">GENET\u0130KS<\/h1><h2 class=\"gutslider-title none\">Terrace Fulya Center, Te\u015fvikiye, Hakk\u0131 Yeten Cd. No:13 Kat M4, 34365 \u015e\u0130\u015eL\u0130\/\u0130STANBUL<\/h2><a class=\"gutslider-cta none\" href=\"https:\/\/www.fahricetinkaya.com\/genetiks-2\/\" rel=\"nofollow sponsored\">Daha Fazla..<\/a><\/div><\/div><\/div><\/div><\/div><div class=\"gutslider-nav nav_inside nav_cc\"><div class=\"swiper-button-prev\"><\/div><div class=\"swiper-button-next\"><\/div><\/div><div class=\"swiper-pagination\"><\/div><\/div><\/div>\n","protected":false},"excerpt":{"rendered":"","protected":false},"author":1,"featured_media":612,"parent":0,"menu_order":0,"comment_status":"closed","ping_status":"closed","template":"","meta":{"footnotes":""},"class_list":["post-15","page","type-page","status-publish","has-post-thumbnail","hentry"],"_links":{"self":[{"href":"https:\/\/www.fahricetinkaya.com\/en\/wp-json\/wp\/v2\/pages\/15","targetHints":{"allow":["GET"]}}],"collection":[{"href":"https:\/\/www.fahricetinkaya.com\/en\/wp-json\/wp\/v2\/pages"}],"about":[{"href":"https:\/\/www.fahricetinkaya.com\/en\/wp-json\/wp\/v2\/types\/page"}],"author":[{"embeddable":true,"href":"https:\/\/www.fahricetinkaya.com\/en\/wp-json\/wp\/v2\/users\/1"}],"replies":[{"embeddable":true,"href":"https:\/\/www.fahricetinkaya.com\/en\/wp-json\/wp\/v2\/comments?post=15"}],"version-history":[{"count":42,"href":"https:\/\/www.fahricetinkaya.com\/en\/wp-json\/wp\/v2\/pages\/15\/revisions"}],"predecessor-version":[{"id":1108,"href":"https:\/\/www.fahricetinkaya.com\/en\/wp-json\/wp\/v2\/pages\/15\/revisions\/1108"}],"wp:featuredmedia":[{"embeddable":true,"href":"https:\/\/www.fahricetinkaya.com\/en\/wp-json\/wp\/v2\/media\/612"}],"wp:attachment":[{"href":"https:\/\/www.fahricetinkaya.com\/en\/wp-json\/wp\/v2\/media?parent=15"}],"curies":[{"name":"wp","href":"https:\/\/api.w.org\/{rel}","templated":true}]}}